{"id":13660,"date":"2021-09-07T09:32:40","date_gmt":"2021-09-07T07:32:40","guid":{"rendered":"https:\/\/heiniger-net.blog-net.ch\/?page_id=13660"},"modified":"2026-03-23T17:36:09","modified_gmt":"2026-03-23T15:36:09","slug":"13660-2","status":"publish","type":"page","link":"https:\/\/heiniger-net.blog-net.ch\/fr\/","title":{"rendered":"&nbsp;"},"content":{"rendered":"<p>Ce site s\u2019est un peu endor\u00admi. Le focus est ailleurs, la page n\u2019a plus la priorit\u00e9.<\/p>\n<p>Le blog pr\u00e9c\u00e9\u00addent peut \u00eatre lu <a href=\"\/blog\">ici<\/a>.<\/p>\n<p>Nos offres sont tou\u00adjours disponibles <a href=\"\/offering\/\">ici<\/a>.<\/p>","protected":false},"excerpt":{"rendered":"<p>Ce site s\u2019est un peu endor\u00admi. Le focus est ailleurs, la page n\u2019a plus la pri\u00ador\u00adit\u00e9. Le blog pr\u00e9c\u00e9\u00addent peut \u00eatre lu ici. Nos offres sont tou\u00adjours disponibles ici.<\/p>\n <a class=\"more-link\" href=\"https:\/\/heiniger-net.blog-net.ch\/fr\/\"><span class=\"more-msg\">Lire la&nbsp;suite&nbsp;\u2192<\/span><\/a>","protected":false},"author":2,"featured_media":0,"parent":0,"menu_order":0,"comment_status":"closed","ping_status":"closed","template":"","meta":{"wp_typography_post_enhancements_disabled":false,"iawp_total_views":1331,"footnotes":""},"class_list":["post-13660","page","type-page","status-publish","hentry"],"_links":{"self":[{"href":"https:\/\/heiniger-net.blog-net.ch\/fr\/wp-json\/wp\/v2\/pages\/13660","targetHints":{"allow":["GET"]}}],"collection":[{"href":"https:\/\/heiniger-net.blog-net.ch\/fr\/wp-json\/wp\/v2\/pages"}],"about":[{"href":"https:\/\/heiniger-net.blog-net.ch\/fr\/wp-json\/wp\/v2\/types\/page"}],"author":[{"embeddable":true,"href":"https:\/\/heiniger-net.blog-net.ch\/fr\/wp-json\/wp\/v2\/users\/2"}],"replies":[{"embeddable":true,"href":"https:\/\/heiniger-net.blog-net.ch\/fr\/wp-json\/wp\/v2\/comments?post=13660"}],"version-history":[{"count":2,"href":"https:\/\/heiniger-net.blog-net.ch\/fr\/wp-json\/wp\/v2\/pages\/13660\/revisions"}],"predecessor-version":[{"id":13787,"href":"https:\/\/heiniger-net.blog-net.ch\/fr\/wp-json\/wp\/v2\/pages\/13660\/revisions\/13787"}],"wp:attachment":[{"href":"https:\/\/heiniger-net.blog-net.ch\/fr\/wp-json\/wp\/v2\/media?parent=13660"}],"curies":[{"name":"wp","href":"https:\/\/api.w.org\/{rel}","templated":true}]}}