{"id":145,"date":"2008-04-21T17:56:18","date_gmt":"2008-04-21T15:56:18","guid":{"rendered":"http:\/\/www.heiniger-net.ch\/?page_id=145"},"modified":"2019-05-17T08:19:52","modified_gmt":"2019-05-17T06:19:52","slug":"about","status":"publish","type":"page","link":"https:\/\/heiniger-net.blog-net.ch\/fr\/about\/","title":{"rendered":"\u00c2 propos"},"content":{"rendered":"<p>Cette pr\u00e9sence sur l\u2019in\u00adter\u00adnet est prin\u00adci\u00adpale\u00adment util\u00adis\u00e9 <a href=\"daniel\">par moi<\/a> pour pub\u00adli\u00ader quelques infor\u00adma\u00adtions de base pour ma famille et mes copains, et aus\u00adsi pour me famil\u00adiaris\u00ader avec les tech\u00adniques du Web. Impor\u00adtant: j\u2019of\u00adfre volon\u00adti\u00e8re\u00adment de la place sur cette espace aux autres mem\u00adbres de la famille qui d\u00e9sirent pub\u00adli\u00ader quelque chose sur inter\u00adnet. Il n\u2019y \u00e0 qu\u2019\u00e0 <a href=\"contact\">me deman\u00adder<\/a>.<\/p>\n<p>Au d\u00e9but, j\u2019ai enreg\u00adistr\u00e9 et util\u00adis\u00e9 ce domaine inter\u00adnet sim\u00adple\u00adment pour avoir un adresse \u00e9mail plus per\u00adson\u00adnelle. C\u2019est seule\u00adment plus tard, au d\u00e9but 2007, que j\u2019ai com\u00admenc\u00e9 \u00e0 y met\u00adtre une page Web plus sophis\u00adtiqu\u00e9. Les pre\u00admiers essais ont \u00e9t\u00e9 plut\u00f4t lam\u00aden\u00adta\u00adble, alors je l\u2019ai essay\u00e9 avec City\u00adDesk en tant que sys\u00adt\u00e8me de ges\u00adtion de con\u00adtenu <span class=\"caps\">CMS<\/span>, main\u00adtenant avec Word\u00adPress. En out\u00adre, les optique du site ont eu plusieurs phases.<\/p>\n<div id=\"ez-toc-container\" class=\"ez-toc-v2_0_82_2 counter-hierarchy ez-toc-counter ez-toc-grey ez-toc-container-direction\">\n<div class=\"ez-toc-title-container\">\n<p class=\"ez-toc-title\" style=\"cursor:inherit\">Table of Contents<\/p>\n<span class=\"ez-toc-title-toggle\"><a href=\"#\" class=\"ez-toc-pull-right ez-toc-btn ez-toc-btn-xs ez-toc-btn-default ez-toc-toggle\" aria-label=\"Toggle Table of Content\"><span class=\"ez-toc-js-icon-con\"><span class><span class=\"eztoc-hide\" style=\"display:none;\">Tog\u00adgle<\/span><span class=\"ez-toc-icon-toggle-span\"><svg style=\"fill: #999;color:#999\" class=\"list-377408\" width=\"20px\" height=\"20px\" viewBox=\"0 0 24 24\" fill=\"none\"><path d=\"M6 6H4v2h2V6zm14 0H8v2h12V6zM4 11h2v2H4v-2zm16 0H8v2h12v-2zM4 16h2v2H4v-2zm16 0H8v2h12v-2z\" fill=\"currentColor\" \/><\/svg><svg style=\"fill: #999;color:#999\" class=\"arrow-unsorted-368013\" width=\"10px\" height=\"10px\" viewBox=\"0 0 24 24\" version=\"1.2\" baseProfile=\"tiny\"><path d=\"M18.2 9.3l-6.2-6.3-6.2 6.3c-.2.2-.3.4-.3.7s.1.5.3.7c.2.2.4.3.7.3h11c.3 0 .5-.1.7-.3.2-.2.3-.5.3-.7s-.1-.5-.3-.7zM5.8 14.7l6.2 6.3 6.2-6.3c.2-.2.3-.5.3-.7s-.1-.5-.3-.7c-.2-.2-.4-.3-.7-.3h-11c-.3 0-.5.1-.7.3-.2.2-.3.5-.3.7s.1.5.3.7z\" \/><\/svg><\/span><\/span><\/span><\/a><\/span><\/div>\n<nav><ul class=\"ez-toc-list ez-toc-list-level-1 \"><li class=\"ez-toc-page-1 ez-toc-heading-level-3\"><a class=\"ez-toc-link ez-toc-heading-1\" href=\"https:\/\/heiniger-net.blog-net.ch\/fr\/about\/#Languages\">Lan\u00adguages<\/a><\/li><li class=\"ez-toc-page-1 ez-toc-heading-level-3\"><a class=\"ez-toc-link ez-toc-heading-2\" href=\"https:\/\/heiniger-net.blog-net.ch\/fr\/about\/#Gravatars\">Gra\u00advatars<\/a><\/li><li class=\"ez-toc-page-1 ez-toc-heading-level-3\"><a class=\"ez-toc-link ez-toc-heading-3\" href=\"https:\/\/heiniger-net.blog-net.ch\/fr\/about\/#Non-responsabilite\">Non-respon\u00ads\u00adabil\u00adit\u00e9<\/a><\/li><li class=\"ez-toc-page-1 ez-toc-heading-level-3\"><a class=\"ez-toc-link ez-toc-heading-4\" href=\"https:\/\/heiniger-net.blog-net.ch\/fr\/about\/#Mentions_legales\">Men\u00adtions l\u00e9gales<\/a><\/li><\/ul><\/nav><\/div>\n<h3><span class=\"ez-toc-section\" id=\"Languages\"><\/span>Languages<span class=\"ez-toc-section-end\"><\/span><\/h3>\n<p>La plu\u00adpart des arti\u00adcles sont disponible dans plusieurs lan\u00adguages, en par\u00adti\u00adc\u00aduli\u00ader anglais, ale\u00admand et fran\u00e7ais. Mais, mal\u00adheureuse\u00adment pas tous. Si vous d\u00e9sirez la tra\u00adduc\u00adtion d\u2019un arti\u00adcle par\u00adti\u00adc\u00aduli\u00ader, n\u2019h\u00e9sitez pas \u00e0 <a href=\"contact\">me con\u00adtac\u00adter<\/a> au&nbsp;sujet.<\/p>\n<h3><span class=\"ez-toc-section\" id=\"Gravatars\"><\/span>Gravatars<span class=\"ez-toc-section-end\"><\/span><\/h3>\n<p>Ce site sup\u00adporte les gra\u00advatars. Des gra\u00advatars sont des iden\u00adtit\u00e9s virtuelles, qui sont li\u00e9s \u00e0 un accon\u00adte \u00e9mail et qui ont un image. Cet image est affich\u00e9 lors que vous d\u00e9posez un com\u00admen\u00adtaire sur un arti\u00adcle ou dans mon livre d\u2019h\u00f4tes. Enreg\u00adistrez vous directe\u00adment chez <a href=\"http:\/\/www.gravatar.com\" target=\"_blank\" rel=\"noopener noreferrer\">gravatar.com<\/a>, s\u2019il vous&nbsp;pla\u00eet.<\/p>\n<h3><span class=\"ez-toc-section\" id=\"Non-responsabilite\"><\/span><a href=\"about\/disclaimer\">Non-responsabilit\u00e9<\/a><span class=\"ez-toc-section-end\"><\/span><\/h3>\n<h3><span class=\"ez-toc-section\" id=\"Mentions_legales\"><\/span><a name=\"imprint\"><\/a>Mentions l\u00e9gales<span class=\"ez-toc-section-end\"><\/span><\/h3>\n<p>Cette pr\u00e9sence est h\u00f4t\u00e9&nbsp;par:<\/p>\n<p><a href=\"\/daniel\">Daniel M. Heiniger<\/a><\/p>\n<p>Comme ceci est mon site per\u00adson\u00adnel et n\u2019as pas d\u2019in\u00adten\u00adtions com\u00admer\u00adciales, je ne pub\u00adlies pas mon addresse per\u00adson\u00adnel. Veuillez me con\u00adtac\u00adter en util\u00adisant le <a href=\"http:\/\/contact\">for\u00admu\u00adlaire de contact<\/a><\/p>\n<p>Mer\u00adci beau\u00adcoup pour votre visite.&nbsp;:-)<\/p>","protected":false},"excerpt":{"rendered":"<p>Cette pr\u00e9sence sur l\u2019in\u00adter\u00adnet est prin\u00adci\u00adpale\u00adment util\u00adis\u00e9 par moi pour pub\u00adli\u00ader quelques infor\u00adma\u00adtions de base pour ma famille et mes copains, et aus\u00adsi pour me famil\u00adiaris\u00ader avec les tech\u00adniques du Web. Impor\u00adtant: j\u2019of\u00adfre volon\u00adti\u00e8re\u00adment de la place sur cette espace <span class=\"excerpt-dots\">\u2026<\/span> <a class=\"more-link\" href=\"https:\/\/heiniger-net.blog-net.ch\/fr\/about\/\"><span class=\"more-msg\">Lire la&nbsp;suite&nbsp;\u2192<\/span><\/a><\/p>\n","protected":false},"author":2,"featured_media":0,"parent":0,"menu_order":130,"comment_status":"closed","ping_status":"closed","template":"","meta":{"wp_typography_post_enhancements_disabled":false,"iawp_total_views":72,"footnotes":""},"class_list":["post-145","page","type-page","status-publish","hentry"],"_links":{"self":[{"href":"https:\/\/heiniger-net.blog-net.ch\/fr\/wp-json\/wp\/v2\/pages\/145","targetHints":{"allow":["GET"]}}],"collection":[{"href":"https:\/\/heiniger-net.blog-net.ch\/fr\/wp-json\/wp\/v2\/pages"}],"about":[{"href":"https:\/\/heiniger-net.blog-net.ch\/fr\/wp-json\/wp\/v2\/types\/page"}],"author":[{"embeddable":true,"href":"https:\/\/heiniger-net.blog-net.ch\/fr\/wp-json\/wp\/v2\/users\/2"}],"replies":[{"embeddable":true,"href":"https:\/\/heiniger-net.blog-net.ch\/fr\/wp-json\/wp\/v2\/comments?post=145"}],"version-history":[{"count":2,"href":"https:\/\/heiniger-net.blog-net.ch\/fr\/wp-json\/wp\/v2\/pages\/145\/revisions"}],"predecessor-version":[{"id":13506,"href":"https:\/\/heiniger-net.blog-net.ch\/fr\/wp-json\/wp\/v2\/pages\/145\/revisions\/13506"}],"wp:attachment":[{"href":"https:\/\/heiniger-net.blog-net.ch\/fr\/wp-json\/wp\/v2\/media?parent=145"}],"curies":[{"name":"wp","href":"https:\/\/api.w.org\/{rel}","templated":true}]}}