{"id":28,"date":"2007-10-04T01:38:32","date_gmt":"2007-10-04T00:38:32","guid":{"rendered":"http:\/\/www.heiniger-net.ch\/blog\/webmail"},"modified":"2026-03-16T08:54:10","modified_gmt":"2026-03-16T06:54:10","slug":"webmail","status":"publish","type":"page","link":"https:\/\/heiniger-net.blog-net.ch\/fr\/webmail\/","title":{"rendered":"Webmail"},"content":{"rendered":"<p>J\u2019of\u00adfre des adress\u00ades \u00e9mail de la forme \u201c&lt;pr\u00e9nom&gt;@heiniger.org\u201d ou \u201c&lt;pr\u00e9nom&gt;@heiniger-net.ch\u201d \u00e0 tous mes proches. Cette adresse \u00e9mail peut \u00eatre util\u00adis\u00e9 par le logi\u00adciel de nav\u00adi\u00adga\u00adtion (comme Microsoft Inter\u00adnet Explor\u00ader ou Mozil\u00adla Fire\u00adbird) ou bien par les logi\u00adciels de ges\u00adtion d\u2019\u00e9\u00admail hors-ligne (comme Microsoft Out\u00adlook ou Mozil\u00adla Thun\u00adder\u00adbird). Voice le link pour ges\u00adtion&nbsp;web:<\/p>\n<ul>\n<li><a href=\"https:\/\/webmail.hoststar.ch\/\" target=\"_blank\" rel=\"noopener noreferrer\">Web\u00admail<\/a> \u2014 pour les bo\u00eetes au let\u00adtres \u00e9lec\u00adtron\u00adique @heiniger.org ou @heiniger-net.ch.<\/li>\n<\/ul>\n<blockquote><p>Pour ceux qui font par\u00adtie des proches et qui n\u2019ont pas de compte \u00e9mail ici:&nbsp;<a href=\"contact\">D\u2019autres comptes peu\u00advent \u00eatre demand\u00e9 de moi<\/a>.<\/p>\n<p>Il existe un util\u00adisa\u00adteur <strong><em>demo<\/em><\/strong>, avec le mot-de-passe <strong><em>demode\u00admo<\/em><\/strong>, qui tu peut utilis\u00ader pour essay\u00ader com\u00adment tout \u00e7a marche.<\/p><\/blockquote>\n<p>Ton nom d\u2019u\u00adtil\u00adisa\u00adteur est l\u2019adresse \u00e9mail. Si tu as oubli\u00e9 ton mot-de-passe, je peux met\u00adtre un nou\u00adveau. <a href=\"webmail\/passwordpolicy\">Voici des instruc\u00adtions com\u00adment trou\u00adver un mot-de-passe de haute s\u00e9cu\u00adrit\u00e9<\/a>.<\/p>\n<h3>Modification au 1er avril&nbsp;2022<\/h3>\n<p>Notre four\u00adnisseur de mes\u00adsagerie \u00e9tait Google, et il \u00e9tait gra\u00adtu\u00adit. \u00c0 par\u00adtir de cette ann\u00e9e, Google veut de l\u2019ar\u00adgent pour les bo\u00eetes aux let\u00adtres heiniger-net.ch. Le prix le plus bas est de 5 francs par mois et par bo\u00eete aux let\u00adtres. C\u2019est pourquoi je change de four\u00adnisseur de messagerie.<\/p>\n<p>Impor\u00adtant: Vous \u00eates vous-m\u00eame respon\u00ads\u00adable de la migra\u00adtion du con\u00adtenu de votre anci\u00adenne bo\u00eete aux let\u00adtres vers la nou\u00advelle. Je ne peux pas faire \u00e7a pour&nbsp;vous.<\/p>\n<p>L\u2019ac\u00adc\u00e8s \u00e0 la nou\u00advelle bo\u00eete aux let\u00adtres fonc\u00adtionne comme suit, \u00e0 par le Web\u00admail au d\u00e9but de la&nbsp;page&nbsp;:<\/p>\n<ul>\n<li><a href=\"https:\/\/www.hoststar.ch\/en\/support\/mail\/set-up\/apple-automatic-configuration\" target=\"_blank\" rel=\"noopener\">Apple \u2014 Auto\u00admat\u00adic configuration<\/a><\/li>\n<li><a href=\"https:\/\/www.hoststar.ch\/en\/support\/mail\/set-up\/outlook-365\" target=\"_blank\" rel=\"noopener\">Win\u00addows \u2014 Out\u00adlook&nbsp;365<\/a><\/li>\n<li>Con\u00adfig\u00adu\u00adra\u00adtion g\u00e9n\u00e9rale de la messagerie&nbsp;:&nbsp;<ul>\n<li><a href=\"https:\/\/www.hoststar.ch\/en\/support\/mail\/set-up\/general-configuration-new-server-generation\" target=\"_blank\" rel=\"noopener\">Instruc\u00adtions du fournisseur<\/a><\/li>\n<li>Nom d\u2019u\u00adtil\u00adisa\u00adteur&nbsp;: &lt;votre adresse e\u2011mail&gt;<\/li>\n<li>Mot de passe : &lt;votre mot de passe&gt; \u2014 si vous ne vous en sou\u00advenez pas, vous pou\u00advez le <a href=\"https:\/\/www.hoststar.ch\/de\/support\/mail\/konfigurieren\/passwort-aendern\" target=\"_blank\" rel=\"noopener\">r\u00e9ini\u00adtialis\u00ader en suiv\u00adant ces instruc\u00adtions<\/a>.<\/li>\n<li>Serveur de cour\u00adri\u00ader entrant : mail.heiniger.org ou mail.heiniger-net.ch (selon ton adresse \u00e9mail)<\/li>\n<li>Activ\u00ader \u201c<span class=\"caps\">SSL<\/span>\/TLS-Encryp\u00adtion\u201d, mais d\u00e9s\u00adac\u00adtiv\u00ader \u201cval\u00adi\u00adda\u00adtion cer\u00adti\u00adfi\u00adcat\u201d, si possible<\/li>\n<li>Port: <span class=\"caps\">SMTP<\/span>: 465, <span class=\"caps\">IMAP<\/span>: 993, <span class=\"caps\">POP3<\/span>:&nbsp;995<\/li>\n<\/ul>\n<\/li>\n<\/ul>\n<p><\/p>","protected":false},"excerpt":{"rendered":"<p>J\u2019of\u00adfre des adress\u00ades \u00e9mail de la forme \u201c&lt;pr\u00e9nom&gt;@heiniger.org\u201d ou \u201c&lt;pr\u00e9nom&gt;@heiniger-net.ch\u201d \u00e0 tous mes proches. Cette adresse \u00e9mail peut \u00eatre util\u00adis\u00e9 par le logi\u00adciel de nav\u00adi\u00adga\u00adtion (comme Microsoft Inter\u00adnet Explor\u00ader ou Mozil\u00adla Fire\u00adbird) ou bien par les logi\u00adciels de ges\u00adtion d\u2019\u00e9\u00admail <span class=\"excerpt-dots\">\u2026<\/span> <a class=\"more-link\" href=\"https:\/\/heiniger-net.blog-net.ch\/fr\/webmail\/\"><span class=\"more-msg\">Lire la&nbsp;suite&nbsp;\u2192<\/span><\/a><\/p>\n","protected":false},"author":2,"featured_media":0,"parent":0,"menu_order":40,"comment_status":"closed","ping_status":"open","template":"","meta":{"wp_typography_post_enhancements_disabled":false,"iawp_total_views":44,"footnotes":""},"class_list":["post-28","page","type-page","status-publish","hentry"],"_links":{"self":[{"href":"https:\/\/heiniger-net.blog-net.ch\/fr\/wp-json\/wp\/v2\/pages\/28","targetHints":{"allow":["GET"]}}],"collection":[{"href":"https:\/\/heiniger-net.blog-net.ch\/fr\/wp-json\/wp\/v2\/pages"}],"about":[{"href":"https:\/\/heiniger-net.blog-net.ch\/fr\/wp-json\/wp\/v2\/types\/page"}],"author":[{"embeddable":true,"href":"https:\/\/heiniger-net.blog-net.ch\/fr\/wp-json\/wp\/v2\/users\/2"}],"replies":[{"embeddable":true,"href":"https:\/\/heiniger-net.blog-net.ch\/fr\/wp-json\/wp\/v2\/comments?post=28"}],"version-history":[{"count":4,"href":"https:\/\/heiniger-net.blog-net.ch\/fr\/wp-json\/wp\/v2\/pages\/28\/revisions"}],"predecessor-version":[{"id":13785,"href":"https:\/\/heiniger-net.blog-net.ch\/fr\/wp-json\/wp\/v2\/pages\/28\/revisions\/13785"}],"wp:attachment":[{"href":"https:\/\/heiniger-net.blog-net.ch\/fr\/wp-json\/wp\/v2\/media?parent=28"}],"curies":[{"name":"wp","href":"https:\/\/api.w.org\/{rel}","templated":true}]}}